{"id":4458,"date":"2025-08-29T21:42:52","date_gmt":"2025-08-29T21:42:52","guid":{"rendered":"https:\/\/www.labitaliani.it\/product\/siero-lifting-antirughe-con-veleno-di-vipera-effetto-tensore-viso-collo-e-decollete\/"},"modified":"2025-08-29T21:42:52","modified_gmt":"2025-08-29T21:42:52","slug":"siero-lifting-antirughe-con-veleno-di-vipera-effetto-tensore-viso-collo-e-decollete","status":"publish","type":"product","link":"https:\/\/www.labitaliani.it\/it\/prodotto\/siero-lifting-antirughe-con-veleno-di-vipera-effetto-tensore-viso-collo-e-decollete\/","title":{"rendered":"Siero lifting antirughe con veleno di vipera \u2013 effetto tensore viso, Collo e d\u00e9collet\u00e9"},"content":{"rendered":"<p>NO PARABENI \u2013 NO COLORANTI \u2013 BASE NICHEL TESTED \u2013 BASE DERMATOLOGICAMENTE TESTATA<\/p>\n","protected":false},"excerpt":{"rendered":"<p data-start=\"702\" data-end=\"861\">l <strong data-start=\"705\" data-end=\"753\">Siero Lifting Antirughe con Veleno di Vipera<\/strong> \u00e8 un trattamento innovativo formulato per contrastare le rughe e donare un immediato <strong data-start=\"839\" data-end=\"858\">effetto tensore<\/strong>.<\/p>\n<p data-start=\"863\" data-end=\"1071\">La sua efficacia si basa su un <strong data-start=\"894\" data-end=\"919\">dipeptide biomimetico<\/strong>, studiato per imitare l\u2019azione del <strong data-start=\"955\" data-end=\"969\">Waglerin-1<\/strong>, un peptide naturalmente presente nel veleno di vipera noto per le sue propriet\u00e0 <strong data-start=\"1051\" data-end=\"1068\">miorilassanti<\/strong>.<\/p>\n<p data-start=\"1073\" data-end=\"1294\">Grazie a questa tecnologia, il siero agisce rilassando i micro-movimenti cutanei responsabili della formazione delle rughe d\u2019espressione, lasciando la pelle di <strong data-start=\"1233\" data-end=\"1291\">viso, collo e d\u00e9collet\u00e9 pi\u00f9 distesa, tonica e compatta<\/strong>.<\/p>\n<p data-start=\"1296\" data-end=\"1492\">Ideale come <strong data-start=\"1308\" data-end=\"1346\">siero antirughe effetto botox-like<\/strong>, \u00e8 perfetto per chi desidera un trattamento cosmetico di ultima generazione, capace di regalare un aspetto visibilmente pi\u00f9 giovane e levigato.<\/p>\n","protected":false},"featured_media":3424,"template":"","meta":{"_seopress_robots_primary_cat":"none","_seopress_titles_title":"Siero Lifting Antirughe con Veleno di Vipera \u2013 Effetto Tensore Viso, Collo e D\u00e9collet\u00e9","_seopress_titles_desc":"Siero lifting antirughe con veleno di vipera. Dipeptide ad effetto botox-like che rilassa i tratti e dona tonicit\u00e0 a viso, collo e d\u00e9collet\u00e9. ","_seopress_robots_index":""},"product_brand":[],"product_cat":[101,56,73,98,66,108,103,70],"product_tag":[],"class_list":{"0":"post-4458","1":"product","2":"type-product","3":"status-publish","4":"has-post-thumbnail","6":"product_cat-con-siero-di-vipera","7":"product_cat-face","8":"product_cat-home-care-face-products","9":"product_cat-prodotti-viso-da-rivendita-1","10":"product_cat-serums","11":"product_cat-sieri","12":"product_cat-viso","13":"product_cat-with-viper-serum","15":"first","16":"instock","17":"taxable","18":"shipping-taxable","19":"purchasable","20":"product-type-simple"},"exclude_global_add_ons":false,"addons":[{"name":"Opzioni di packaging","type":"multiple_choice","position":0,"required":true,"title_format":"label","default":"","description_enable":true,"description":"Materiali: etichette a colori o trasparenti e scatole in cartoncino bianco perlato \u201cSirio Perla\u201d per una finitura di alta qualit\u00e0.","placeholder_enable":false,"placeholder":"","display":"select","restrictions_type":"any_text","adjust_price":false,"price":"","price_type":"flat_fee","restrictions":false,"min":"0","max":"0","options":[{"label":"Solo stampa etichette","price":"13.00","price_type":"flat_fee","image":0,"visibility":true},{"label":"Etichetta + scatola stampata su 2 lati (fronte e retro)","price":"13.90","price_type":"flat_fee","image":0,"visibility":true},{"label":"Etichetta + scatola stampata su 4 lati","price":"14.90","price_type":"flat_fee","image":0,"visibility":true}],"id":1758121995},{"name":"Opzioni di packaging","type":"multiple_choice","position":0,"required":true,"title_format":"label","default":"","description_enable":true,"description":"Materiali: etichette a colori o trasparenti e scatole in cartoncino bianco perlato \u201cSirio Perla\u201d per una finitura di alta qualit\u00e0.","placeholder_enable":false,"placeholder":"","display":"select","restrictions_type":"any_text","adjust_price":false,"price":"","price_type":"flat_fee","restrictions":false,"min":"0","max":"0","options":[{"label":"Solo stampa etichette","price":"13.00","price_type":"flat_fee","image":0,"visibility":true},{"label":"Etichetta + scatola stampata su 2 lati (fronte e retro)","price":"13.90","price_type":"flat_fee","image":0,"visibility":true},{"label":"Etichetta + scatola stampata su 4 lati","price":"14.90","price_type":"flat_fee","image":0,"visibility":true}],"id":1758121995}],"_links":{"self":[{"href":"https:\/\/www.labitaliani.it\/it\/wp-json\/wp\/v2\/product\/4458","targetHints":{"allow":["GET"]}}],"collection":[{"href":"https:\/\/www.labitaliani.it\/it\/wp-json\/wp\/v2\/product"}],"about":[{"href":"https:\/\/www.labitaliani.it\/it\/wp-json\/wp\/v2\/types\/product"}],"wp:featuredmedia":[{"embeddable":true,"href":"https:\/\/www.labitaliani.it\/it\/wp-json\/wp\/v2\/media\/3424"}],"wp:attachment":[{"href":"https:\/\/www.labitaliani.it\/it\/wp-json\/wp\/v2\/media?parent=4458"}],"wp:term":[{"taxonomy":"product_brand","embeddable":true,"href":"https:\/\/www.labitaliani.it\/it\/wp-json\/wp\/v2\/product_brand?post=4458"},{"taxonomy":"product_cat","embeddable":true,"href":"https:\/\/www.labitaliani.it\/it\/wp-json\/wp\/v2\/product_cat?post=4458"},{"taxonomy":"product_tag","embeddable":true,"href":"https:\/\/www.labitaliani.it\/it\/wp-json\/wp\/v2\/product_tag?post=4458"}],"curies":[{"name":"wp","href":"https:\/\/api.w.org\/{rel}","templated":true}]}}