{"id":4450,"date":"2025-08-29T21:43:12","date_gmt":"2025-08-29T21:43:12","guid":{"rendered":"https:\/\/www.labitaliani.it\/product\/crema-rimpolpante-labbra-con-capsico-effetto-volumizzante-istantaneo-e-temporaneo\/"},"modified":"2025-08-29T21:43:12","modified_gmt":"2025-08-29T21:43:12","slug":"crema-rimpolpante-labbra-con-capsico-effetto-volumizzante-istantaneo-e-temporaneo","status":"publish","type":"product","link":"https:\/\/www.labitaliani.it\/it\/prodotto\/crema-rimpolpante-labbra-con-capsico-effetto-volumizzante-istantaneo-e-temporaneo\/","title":{"rendered":"Crema rimpolpante labbra con capsico \u2013 effetto volumizzante istantaneo e temporaneo"},"content":{"rendered":"<ul>\n<li data-start=\"228\" data-end=\"251\">\n<p data-start=\"230\" data-end=\"251\"><strong data-start=\"230\" data-end=\"249\">Senza coloranti<\/strong><\/p>\n<\/li>\n<li data-start=\"252\" data-end=\"274\">\n<p data-start=\"254\" data-end=\"274\"><strong data-start=\"254\" data-end=\"272\">Senza parabeni<\/strong><\/p>\n<\/li>\n<li data-start=\"275\" data-end=\"310\">\n<p data-start=\"277\" data-end=\"310\"><strong data-start=\"277\" data-end=\"308\">Microbiologicamente testato<\/strong><\/p>\n<\/li>\n<li data-start=\"311\" data-end=\"358\">\n<p data-start=\"313\" data-end=\"358\"><strong data-start=\"313\" data-end=\"356\">Prodotto in laboratorio certificato GMP<\/strong><\/p>\n<\/li>\n<\/ul>\n","protected":false},"excerpt":{"rendered":"<p data-start=\"701\" data-end=\"882\">La <strong data-start=\"704\" data-end=\"744\">Crema Rimpolpante Labbra con Capsico<\/strong> \u00e8 una morbida emulsione studiata per donare un <strong data-start=\"792\" data-end=\"827\">istantaneo effetto volumizzante<\/strong> alle labbra, rendendole subito pi\u00f9 piene e sensuali.<\/p>\n<p data-start=\"884\" data-end=\"1029\">L\u2019effetto, immediato e temporaneo, pu\u00f2 essere rinnovato riapplicando il prodotto pi\u00f9 volte nel corso della giornata, a seconda delle necessit\u00e0.<\/p>\n<p data-start=\"1031\" data-end=\"1218\">La sua formula \u00e8 leggera, confortevole e perfettamente compatibile con qualsiasi tipo di <strong data-start=\"1120\" data-end=\"1138\">make-up labbra<\/strong>, permettendo di applicare rossetto o gloss senza comprometterne il risultato.<\/p>\n<p data-start=\"1220\" data-end=\"1372\">Ideale per chi desidera un <strong data-start=\"1247\" data-end=\"1283\">lip plumper naturale ed efficace<\/strong>, dona alle labbra un aspetto pi\u00f9 <strong data-start=\"1317\" data-end=\"1352\">voluminoso, morbido e attraente<\/strong> in pochi secondi.<\/p>\n","protected":false},"featured_media":3498,"template":"","meta":{"_seopress_robots_primary_cat":"none","_seopress_titles_title":"Crema Rimpolpante Labbra con Capsico \u2013 Effetto Volumizzante Istantaneo e Temporaneo","_seopress_titles_desc":"Crema rimpolpante labbra con capsico. Dona un effetto volumizzante istantaneo e temporaneo, riapplicabile e compatibile con ogni make-up. ","_seopress_robots_index":""},"product_brand":[],"product_cat":[106,98,103],"product_tag":[],"class_list":{"0":"post-4450","1":"product","2":"type-product","3":"status-publish","4":"has-post-thumbnail","6":"product_cat-contorno-occhi-labbra","7":"product_cat-prodotti-viso-da-rivendita-1","8":"product_cat-viso","10":"first","11":"instock","12":"taxable","13":"shipping-taxable","14":"purchasable","15":"product-type-simple"},"exclude_global_add_ons":false,"addons":[{"name":"Opzioni di packaging","type":"multiple_choice","position":0,"required":true,"title_format":"label","default":"","description_enable":true,"description":"Materiali: etichette a colori o trasparenti e scatole in cartoncino bianco perlato \u201cSirio Perla\u201d per una finitura di alta qualit\u00e0.","placeholder_enable":false,"placeholder":"","display":"select","restrictions_type":"any_text","adjust_price":false,"price":"","price_type":"flat_fee","restrictions":false,"min":"0","max":"0","options":[{"label":"Solo stampa etichette","price":"13.00","price_type":"flat_fee","image":0,"visibility":true},{"label":"Etichetta + scatola stampata su 2 lati (fronte e retro)","price":"13.90","price_type":"flat_fee","image":0,"visibility":true},{"label":"Etichetta + scatola stampata su 4 lati","price":"14.90","price_type":"flat_fee","image":0,"visibility":true}],"id":1758121995},{"name":"Opzioni di packaging","type":"multiple_choice","position":0,"required":true,"title_format":"label","default":"","description_enable":true,"description":"Materiali: etichette a colori o trasparenti e scatole in cartoncino bianco perlato \u201cSirio Perla\u201d per una finitura di alta qualit\u00e0.","placeholder_enable":false,"placeholder":"","display":"select","restrictions_type":"any_text","adjust_price":false,"price":"","price_type":"flat_fee","restrictions":false,"min":"0","max":"0","options":[{"label":"Solo stampa etichette","price":"13.00","price_type":"flat_fee","image":0,"visibility":true},{"label":"Etichetta + scatola stampata su 2 lati (fronte e retro)","price":"13.90","price_type":"flat_fee","image":0,"visibility":true},{"label":"Etichetta + scatola stampata su 4 lati","price":"14.90","price_type":"flat_fee","image":0,"visibility":true}],"id":1758121995}],"_links":{"self":[{"href":"https:\/\/www.labitaliani.it\/it\/wp-json\/wp\/v2\/product\/4450","targetHints":{"allow":["GET"]}}],"collection":[{"href":"https:\/\/www.labitaliani.it\/it\/wp-json\/wp\/v2\/product"}],"about":[{"href":"https:\/\/www.labitaliani.it\/it\/wp-json\/wp\/v2\/types\/product"}],"wp:featuredmedia":[{"embeddable":true,"href":"https:\/\/www.labitaliani.it\/it\/wp-json\/wp\/v2\/media\/3498"}],"wp:attachment":[{"href":"https:\/\/www.labitaliani.it\/it\/wp-json\/wp\/v2\/media?parent=4450"}],"wp:term":[{"taxonomy":"product_brand","embeddable":true,"href":"https:\/\/www.labitaliani.it\/it\/wp-json\/wp\/v2\/product_brand?post=4450"},{"taxonomy":"product_cat","embeddable":true,"href":"https:\/\/www.labitaliani.it\/it\/wp-json\/wp\/v2\/product_cat?post=4450"},{"taxonomy":"product_tag","embeddable":true,"href":"https:\/\/www.labitaliani.it\/it\/wp-json\/wp\/v2\/product_tag?post=4450"}],"curies":[{"name":"wp","href":"https:\/\/api.w.org\/{rel}","templated":true}]}}