{"id":4445,"date":"2025-08-29T21:43:02","date_gmt":"2025-08-29T21:43:02","guid":{"rendered":"https:\/\/www.labitaliani.it\/product\/profumo-pocket-women-coco-mademoiselle-formato-tascabile-bianco-floreale-e-ambrato\/"},"modified":"2025-08-29T21:43:02","modified_gmt":"2025-08-29T21:43:02","slug":"profumo-pocket-women-coco-mademoiselle-formato-tascabile-bianco-floreale-e-ambrato","status":"publish","type":"product","link":"https:\/\/www.labitaliani.it\/it\/prodotto\/profumo-pocket-women-coco-mademoiselle-formato-tascabile-bianco-floreale-e-ambrato\/","title":{"rendered":"Profumo pocket women Coco mademoiselle \u2013 formato tascabile bianco, floreale e ambrato"},"content":{"rendered":"<p data-start=\"721\" data-end=\"918\">Il <strong data-start=\"724\" data-end=\"773\">Profumo Pocket Women Coco Mademoiselle Bianco<\/strong> unisce la praticit\u00e0 del formato tascabile alla raffinatezza di una fragranza <strong data-start=\"851\" data-end=\"873\">floreale e ambrata<\/strong>, tra le pi\u00f9 riconosciute e amate al mondo.<\/p>\n<p data-start=\"920\" data-end=\"1205\">Le <strong data-start=\"923\" data-end=\"940\">note di testa<\/strong> si aprono con la freschezza frizzante di <strong data-start=\"982\" data-end=\"1016\">bergamotto, arancia e pompelmo<\/strong>. Il cuore si addolcisce con un bouquet raffinato di <strong data-start=\"1069\" data-end=\"1097\">rosa, litchi e gelsomino<\/strong>, mentre le <strong data-start=\"1109\" data-end=\"1125\">note di base<\/strong> di <strong data-start=\"1129\" data-end=\"1171\">patchouli, vaniglia, muschio e vetiver<\/strong> donano intensit\u00e0 e persistenza. <\/p>\n<p data-start=\"1207\" data-end=\"1351\">Compatto ed elegante, questo <strong data-start=\"1236\" data-end=\"1259\">profumo pocket size<\/strong> \u00e8 ideale da portare sempre con s\u00e9 per un tocco di femminilit\u00e0 e classe in ogni occasione.<\/p>\n","protected":false},"excerpt":{"rendered":"<p>Il Profumo Pocket Women Coco Mademoiselle Bianco unisce la praticit\u00e0 del formato tascabile alla raffinatezza di una fragranza floreale e ambrata, tra le pi\u00f9 riconosciute e amate al mondo. Le note di testa si aprono con la freschezza frizzante di bergamotto, arancia e pompelmo. Il cuore si addolcisce con un bouquet raffinato di rosa, litchi [&hellip;]<\/p>\n","protected":false},"featured_media":0,"template":"","meta":{"_seopress_robots_primary_cat":"none","_seopress_titles_title":"Profumo Pocket Women Coco Mademoiselle \u2013 Formato Tascabile Bianco, Floreale e Ambrato","_seopress_titles_desc":"Profumo Coco Mademoiselle Women in formato pocket bianco. Fragranza persistente dalle note floreali e ambrate, elegante e sofisticata. ","_seopress_robots_index":""},"product_brand":[],"product_cat":[98,103],"product_tag":[],"class_list":{"0":"post-4445","1":"product","2":"type-product","3":"status-publish","5":"product_cat-prodotti-viso-da-rivendita-1","6":"product_cat-viso","8":"first","9":"instock","10":"taxable","11":"shipping-taxable","12":"product-type-simple"},"exclude_global_add_ons":false,"addons":[{"name":"Opzioni di packaging","type":"multiple_choice","position":0,"required":true,"title_format":"label","default":"","description_enable":true,"description":"Materiali: etichette a colori o trasparenti e scatole in cartoncino bianco perlato \u201cSirio Perla\u201d per una finitura di alta qualit\u00e0.","placeholder_enable":false,"placeholder":"","display":"select","restrictions_type":"any_text","adjust_price":false,"price":"","price_type":"flat_fee","restrictions":false,"min":"0","max":"0","options":[{"label":"Solo stampa etichette","price":"13.00","price_type":"flat_fee","image":0,"visibility":true},{"label":"Etichetta + scatola stampata su 2 lati (fronte e retro)","price":"13.90","price_type":"flat_fee","image":0,"visibility":true},{"label":"Etichetta + scatola stampata su 4 lati","price":"14.90","price_type":"flat_fee","image":0,"visibility":true}],"id":1758121995},{"name":"Opzioni di packaging","type":"multiple_choice","position":0,"required":true,"title_format":"label","default":"","description_enable":true,"description":"Materiali: etichette a colori o trasparenti e scatole in cartoncino bianco perlato \u201cSirio Perla\u201d per una finitura di alta qualit\u00e0.","placeholder_enable":false,"placeholder":"","display":"select","restrictions_type":"any_text","adjust_price":false,"price":"","price_type":"flat_fee","restrictions":false,"min":"0","max":"0","options":[{"label":"Solo stampa etichette","price":"13.00","price_type":"flat_fee","image":0,"visibility":true},{"label":"Etichetta + scatola stampata su 2 lati (fronte e retro)","price":"13.90","price_type":"flat_fee","image":0,"visibility":true},{"label":"Etichetta + scatola stampata su 4 lati","price":"14.90","price_type":"flat_fee","image":0,"visibility":true}],"id":1758121995}],"_links":{"self":[{"href":"https:\/\/www.labitaliani.it\/it\/wp-json\/wp\/v2\/product\/4445","targetHints":{"allow":["GET"]}}],"collection":[{"href":"https:\/\/www.labitaliani.it\/it\/wp-json\/wp\/v2\/product"}],"about":[{"href":"https:\/\/www.labitaliani.it\/it\/wp-json\/wp\/v2\/types\/product"}],"wp:attachment":[{"href":"https:\/\/www.labitaliani.it\/it\/wp-json\/wp\/v2\/media?parent=4445"}],"wp:term":[{"taxonomy":"product_brand","embeddable":true,"href":"https:\/\/www.labitaliani.it\/it\/wp-json\/wp\/v2\/product_brand?post=4445"},{"taxonomy":"product_cat","embeddable":true,"href":"https:\/\/www.labitaliani.it\/it\/wp-json\/wp\/v2\/product_cat?post=4445"},{"taxonomy":"product_tag","embeddable":true,"href":"https:\/\/www.labitaliani.it\/it\/wp-json\/wp\/v2\/product_tag?post=4445"}],"curies":[{"name":"wp","href":"https:\/\/api.w.org\/{rel}","templated":true}]}}