{"id":4428,"date":"2025-08-29T21:43:22","date_gmt":"2025-08-29T21:43:22","guid":{"rendered":"https:\/\/www.labitaliani.it\/product\/siero-multivitaminico-con-acido-jaluronico-ginseng-e-vitamine-idratante-elasticizzante-e-antiossidante\/"},"modified":"2025-08-29T21:43:22","modified_gmt":"2025-08-29T21:43:22","slug":"siero-multivitaminico-con-acido-jaluronico-ginseng-e-vitamine-idratante-elasticizzante-e-antiossidante","status":"publish","type":"product","link":"https:\/\/www.labitaliani.it\/it\/prodotto\/siero-multivitaminico-con-acido-jaluronico-ginseng-e-vitamine-idratante-elasticizzante-e-antiossidante\/","title":{"rendered":"Siero multivitaminico con acido jaluronico, ginseng e vitamine \u2013 idratante, elasticizzante e antiossidante"},"content":{"rendered":"<ul>\n<li data-start=\"1925\" data-end=\"1946\">\n<p data-start=\"1927\" data-end=\"1946\"><strong data-start=\"1927\" data-end=\"1944\">Made in Italy<\/strong><\/p>\n<\/li>\n<li data-start=\"1947\" data-end=\"1966\">\n<p data-start=\"1949\" data-end=\"1966\"><strong data-start=\"1949\" data-end=\"1964\">Senza parabeni<\/strong><\/p>\n<\/li>\n<li data-start=\"1967\" data-end=\"2002\">\n<p data-start=\"1969\" data-end=\"2002\"><strong data-start=\"1969\" data-end=\"2000\">Microbiologicamente testato<\/strong><\/p>\n<\/li>\n<\/ul>\n","protected":false},"excerpt":{"rendered":"<p data-start=\"777\" data-end=\"954\">Il <strong data-start=\"780\" data-end=\"864\">Siero Multivitaminico con Acido Jaluronico, Pantenolo, Ginseng e Vitamine E\u2013C\u2013PP<\/strong> \u00e8 un trattamento intensivo formulato per donare nuova vitalit\u00e0 e luminosit\u00e0 alla pelle.<\/p>\n<p data-start=\"956\" data-end=\"1039\">La sua texture in <strong data-start=\"974\" data-end=\"989\">morbido gel<\/strong> racchiude un mix di attivi ad azione sinergica:<\/p>\n<ul data-start=\"1040\" data-end=\"1357\">\n<li data-start=\"1040\" data-end=\"1122\">\n<p data-start=\"1042\" data-end=\"1122\"><strong data-start=\"1042\" data-end=\"1062\">Acido Jaluronico<\/strong> \u2192 idrata in profondit\u00e0 e migliora elasticit\u00e0 e morbidezza<\/p>\n<\/li>\n<li data-start=\"1123\" data-end=\"1181\">\n<p data-start=\"1125\" data-end=\"1181\"><strong data-start=\"1125\" data-end=\"1136\">Ginseng<\/strong> \u2192 rivitalizza e tonifica i tessuti cutanei<\/p>\n<\/li>\n<li data-start=\"1182\" data-end=\"1298\">\n<p data-start=\"1184\" data-end=\"1298\"><strong data-start=\"1184\" data-end=\"1220\">Vitamine E, C e PP (Niacinamide)<\/strong> \u2192 antiossidanti che proteggono dai radicali liberi e uniformano l\u2019incarnato<\/p>\n<\/li>\n<li data-start=\"1299\" data-end=\"1357\">\n<p data-start=\"1301\" data-end=\"1357\"><strong data-start=\"1301\" data-end=\"1314\">Pantenolo<\/strong> \u2192 lenisce e rafforza la barriera cutanea<\/p>\n<\/li>\n<\/ul>\n<p data-start=\"1359\" data-end=\"1513\">L\u2019uso costante dona alla pelle un aspetto <strong data-start=\"1401\" data-end=\"1438\">pi\u00f9 idratato, compatto e luminoso<\/strong>, contrastando i segni di stanchezza e il precoce invecchiamento cutaneo.<\/p>\n<p data-start=\"1515\" data-end=\"1598\">Prodotto <strong data-start=\"1524\" data-end=\"1541\">Made in Italy<\/strong>, <strong data-start=\"1543\" data-end=\"1574\">microbiologicamente testato<\/strong> e <strong data-start=\"1577\" data-end=\"1595\">senza parabeni<\/strong>.<\/p>\n","protected":false},"featured_media":3535,"template":"","meta":{"_seopress_robots_primary_cat":"none","_seopress_titles_title":"","_seopress_titles_desc":"Siero multivitaminico viso con ginseng, acido jaluronico e vitamine E, C, PP. Idrata, migliora elasticit\u00e0 e dona luminosit\u00e0. Made in Italy.  ","_seopress_robots_index":""},"product_brand":[],"product_cat":[56,73,98,66,108,103],"product_tag":[],"class_list":{"0":"post-4428","1":"product","2":"type-product","3":"status-publish","4":"has-post-thumbnail","6":"product_cat-face","7":"product_cat-home-care-face-products","8":"product_cat-prodotti-viso-da-rivendita-1","9":"product_cat-serums","10":"product_cat-sieri","11":"product_cat-viso","13":"first","14":"instock","15":"taxable","16":"shipping-taxable","17":"purchasable","18":"product-type-simple"},"exclude_global_add_ons":false,"addons":[{"name":"Opzioni di packaging","type":"multiple_choice","position":0,"required":true,"title_format":"label","default":"","description_enable":true,"description":"Materiali: etichette a colori o trasparenti e scatole in cartoncino bianco perlato \u201cSirio Perla\u201d per una finitura di alta qualit\u00e0.","placeholder_enable":false,"placeholder":"","display":"select","restrictions_type":"any_text","adjust_price":false,"price":"","price_type":"flat_fee","restrictions":false,"min":"0","max":"0","options":[{"label":"Solo stampa etichette","price":"13.00","price_type":"flat_fee","image":0,"visibility":true},{"label":"Etichetta + scatola stampata su 2 lati (fronte e retro)","price":"13.90","price_type":"flat_fee","image":0,"visibility":true},{"label":"Etichetta + scatola stampata su 4 lati","price":"14.90","price_type":"flat_fee","image":0,"visibility":true}],"id":1758121995},{"name":"Opzioni di packaging","type":"multiple_choice","position":0,"required":true,"title_format":"label","default":"","description_enable":true,"description":"Materiali: etichette a colori o trasparenti e scatole in cartoncino bianco perlato \u201cSirio Perla\u201d per una finitura di alta qualit\u00e0.","placeholder_enable":false,"placeholder":"","display":"select","restrictions_type":"any_text","adjust_price":false,"price":"","price_type":"flat_fee","restrictions":false,"min":"0","max":"0","options":[{"label":"Solo stampa etichette","price":"13.00","price_type":"flat_fee","image":0,"visibility":true},{"label":"Etichetta + scatola stampata su 2 lati (fronte e retro)","price":"13.90","price_type":"flat_fee","image":0,"visibility":true},{"label":"Etichetta + scatola stampata su 4 lati","price":"14.90","price_type":"flat_fee","image":0,"visibility":true}],"id":1758121995}],"_links":{"self":[{"href":"https:\/\/www.labitaliani.it\/it\/wp-json\/wp\/v2\/product\/4428","targetHints":{"allow":["GET"]}}],"collection":[{"href":"https:\/\/www.labitaliani.it\/it\/wp-json\/wp\/v2\/product"}],"about":[{"href":"https:\/\/www.labitaliani.it\/it\/wp-json\/wp\/v2\/types\/product"}],"wp:featuredmedia":[{"embeddable":true,"href":"https:\/\/www.labitaliani.it\/it\/wp-json\/wp\/v2\/media\/3535"}],"wp:attachment":[{"href":"https:\/\/www.labitaliani.it\/it\/wp-json\/wp\/v2\/media?parent=4428"}],"wp:term":[{"taxonomy":"product_brand","embeddable":true,"href":"https:\/\/www.labitaliani.it\/it\/wp-json\/wp\/v2\/product_brand?post=4428"},{"taxonomy":"product_cat","embeddable":true,"href":"https:\/\/www.labitaliani.it\/it\/wp-json\/wp\/v2\/product_cat?post=4428"},{"taxonomy":"product_tag","embeddable":true,"href":"https:\/\/www.labitaliani.it\/it\/wp-json\/wp\/v2\/product_tag?post=4428"}],"curies":[{"name":"wp","href":"https:\/\/api.w.org\/{rel}","templated":true}]}}