{"id":4331,"date":"2025-09-08T13:01:14","date_gmt":"2025-09-08T13:01:14","guid":{"rendered":"https:\/\/www.labitaliani.it\/product\/crema-gel-bava-di-lumaca-al-95-15-ml\/"},"modified":"2025-09-08T13:01:14","modified_gmt":"2025-09-08T13:01:14","slug":"crema-gel-bava-di-lumaca-al-95-15-ml","status":"publish","type":"product","link":"https:\/\/www.labitaliani.it\/it\/prodotto\/crema-gel-bava-di-lumaca-al-95-15-ml\/","title":{"rendered":"Crema gel bava di lumaca al 95% (15 ml)"},"content":{"rendered":"<p>Fresca e delicata crema-gel dalla texture leggera a rapido assorbimento che grazie all&#8217;elevatissimo contenuto della preziosa bava di lumaca \u00e8 indicata per trattare e prevenire segni di precoce invecchiamento cutaneo: rughe, perdita di elasticit\u00e0, secchezza, discromie. Inoltre il prodotto \u00e8 particolarmente indicato per pelli delicate e reattive dove attenua arrossamenti e dona sollievo. <\/p>\n","protected":false},"excerpt":{"rendered":"<p>Fresca e delicata crema-gel dalla texture leggera a rapido assorbimento che grazie all&#8217;elevatissimo contenuto della preziosa bava di lumaca \u00e8 indicata per trattare e prevenire segni di precoce invecchiamento cutaneo: rughe, perdita di elasticit\u00e0, secchezza, discromie.<\/p>\n","protected":false},"featured_media":4332,"template":"","meta":{"_seopress_robots_primary_cat":"none","_seopress_titles_title":"","_seopress_titles_desc":"","_seopress_robots_index":""},"product_brand":[],"product_cat":[56,73,98,103],"product_tag":[],"class_list":{"0":"post-4331","1":"product","2":"type-product","3":"status-publish","4":"has-post-thumbnail","6":"product_cat-face","7":"product_cat-home-care-face-products","8":"product_cat-prodotti-viso-da-rivendita-1","9":"product_cat-viso","11":"first","12":"instock","13":"taxable","14":"shipping-taxable","15":"purchasable","16":"product-type-simple"},"exclude_global_add_ons":false,"addons":[{"name":"Opzioni di packaging","type":"multiple_choice","position":0,"required":true,"title_format":"label","default":"","description_enable":true,"description":"Materiali: etichette a colori o trasparenti e scatole in cartoncino bianco perlato \u201cSirio Perla\u201d per una finitura di alta qualit\u00e0.","placeholder_enable":false,"placeholder":"","display":"select","restrictions_type":"any_text","adjust_price":false,"price":"","price_type":"flat_fee","restrictions":false,"min":"0","max":"0","options":[{"label":"Solo stampa etichette","price":"13.00","price_type":"flat_fee","image":0,"visibility":true},{"label":"Etichetta + scatola stampata su 2 lati (fronte e retro)","price":"13.90","price_type":"flat_fee","image":0,"visibility":true},{"label":"Etichetta + scatola stampata su 4 lati","price":"14.90","price_type":"flat_fee","image":0,"visibility":true}],"id":1758121995},{"name":"Opzioni di packaging","type":"multiple_choice","position":0,"required":true,"title_format":"label","default":"","description_enable":true,"description":"Materiali: etichette a colori o trasparenti e scatole in cartoncino bianco perlato \u201cSirio Perla\u201d per una finitura di alta qualit\u00e0.","placeholder_enable":false,"placeholder":"","display":"select","restrictions_type":"any_text","adjust_price":false,"price":"","price_type":"flat_fee","restrictions":false,"min":"0","max":"0","options":[{"label":"Solo stampa etichette","price":"13.00","price_type":"flat_fee","image":0,"visibility":true},{"label":"Etichetta + scatola stampata su 2 lati (fronte e retro)","price":"13.90","price_type":"flat_fee","image":0,"visibility":true},{"label":"Etichetta + scatola stampata su 4 lati","price":"14.90","price_type":"flat_fee","image":0,"visibility":true}],"id":1758121995}],"_links":{"self":[{"href":"https:\/\/www.labitaliani.it\/it\/wp-json\/wp\/v2\/product\/4331","targetHints":{"allow":["GET"]}}],"collection":[{"href":"https:\/\/www.labitaliani.it\/it\/wp-json\/wp\/v2\/product"}],"about":[{"href":"https:\/\/www.labitaliani.it\/it\/wp-json\/wp\/v2\/types\/product"}],"wp:featuredmedia":[{"embeddable":true,"href":"https:\/\/www.labitaliani.it\/it\/wp-json\/wp\/v2\/media\/4332"}],"wp:attachment":[{"href":"https:\/\/www.labitaliani.it\/it\/wp-json\/wp\/v2\/media?parent=4331"}],"wp:term":[{"taxonomy":"product_brand","embeddable":true,"href":"https:\/\/www.labitaliani.it\/it\/wp-json\/wp\/v2\/product_brand?post=4331"},{"taxonomy":"product_cat","embeddable":true,"href":"https:\/\/www.labitaliani.it\/it\/wp-json\/wp\/v2\/product_cat?post=4331"},{"taxonomy":"product_tag","embeddable":true,"href":"https:\/\/www.labitaliani.it\/it\/wp-json\/wp\/v2\/product_tag?post=4331"}],"curies":[{"name":"wp","href":"https:\/\/api.w.org\/{rel}","templated":true}]}}